{"id":292,"date":"2025-10-30T02:51:58","date_gmt":"2025-10-30T01:51:58","guid":{"rendered":"https:\/\/sina.pt\/?page_id=292"},"modified":"2026-01-20T20:30:56","modified_gmt":"2026-01-20T19:30:56","slug":"a-propos-de-sina","status":"publish","type":"page","link":"https:\/\/sina.pt\/fr\/a-propos-de-sina\/","title":{"rendered":"\u00c0 propos de SINA"},"content":{"rendered":"<div id=\"fws_69e22fbcc65f9\"  data-column-margin=\"default\" data-midnight=\"light\"  class=\"wpb_row vc_row-fluid vc_row full-width-section vc_row-o-full-height vc_row-o-columns-bottom vc_row-o-equal-height vc_row-flex parallax_section mobile-disable-bg-image-animation\"  style=\"padding-top: 0px; padding-bottom: 0px; \"><div class=\"row-bg-wrap\" data-bg-animation=\"zoom-out\" data-bg-animation-delay=\"\" data-bg-overlay=\"false\"><div class=\"inner-wrap row-bg-layer using-image\" ><div class=\"row-bg viewport-desktop using-image using-bg-color\" data-parallax-speed=\"fast\" style=\"background-image: url(https:\/\/sina.pt\/wp-content\/uploads\/2026\/01\/fado-fundo.webp); background-position: center center; background-repeat: no-repeat; background-color: #262626; \"><\/div><\/div><div class=\"row-bg-overlay row-bg-layer\" style=\"background:linear-gradient(0deg, rgb(0,0,0) 0%, rgba(0,0,0,252) 0%, rgba(0,0,0,0) 43%);\"><\/div><\/div><div class=\"row_col_wrap_12 col span_12 light left\">\n\t<div  class=\"vc_col-sm-12 wpb_column column_container vc_column_container col bottom_padding_desktop_40px flex_gap_desktop_10px\"  data-padding-pos=\"all\" data-has-bg-color=\"false\" data-bg-color=\"\" data-bg-opacity=\"1\" data-animation=\"\" data-delay=\"0\" >\n\t\t<div class=\"vc_column-inner\" >\n\t\t\t<div class=\"wpb_wrapper\">\n\t\t\t\t<div class=\"img-with-aniamtion-wrap center margin_bottom_phone_20vh custom-width-90pct custom-width-phone-120pct\" data-max-width=\"custom\" data-max-width-mobile=\"default\" data-shadow=\"none\" data-animation=\"fade-in\"  style=\"margin-bottom: 140px; \">\n      <div class=\"inner\">\n        <div class=\"hover-wrap\"> \n          <div class=\"hover-wrap-inner\">\n            <img loading=\"lazy\" decoding=\"async\" class=\"img-with-animation blend skip-lazy\" data-delay=\"0\" height=\"356\" width=\"1860\" data-animation=\"fade-in\" data-animation-easing=\"easeInQuad\" src=\"https:\/\/sina.pt\/wp-content\/uploads\/2026\/01\/SINA-1.webp\" alt=\"\" srcset=\"https:\/\/sina.pt\/wp-content\/uploads\/2026\/01\/SINA-1.webp 1860w, https:\/\/sina.pt\/wp-content\/uploads\/2026\/01\/SINA-1-300x57.webp 300w, https:\/\/sina.pt\/wp-content\/uploads\/2026\/01\/SINA-1-1024x196.webp 1024w, https:\/\/sina.pt\/wp-content\/uploads\/2026\/01\/SINA-1-768x147.webp 768w, https:\/\/sina.pt\/wp-content\/uploads\/2026\/01\/SINA-1-1536x294.webp 1536w\" sizes=\"auto, (max-width: 1860px) 100vw, 1860px\" \/>\n          <\/div>\n        <\/div>\n        \n      <\/div>\n    <\/div><div id=\"fws_69e22fbcc6dc9\" data-midnight=\"\" data-column-margin=\"10px\" class=\"wpb_row vc_row-fluid vc_row inner_row vc_row-o-equal-height vc_row-flex vc_row-o-content-bottom\"  style=\"\"><div class=\"row-bg-wrap\"> <div class=\"row-bg\" ><\/div> <\/div><div class=\"row_col_wrap_12_inner col span_12  left\">\n\t<div  class=\"vc_col-sm-6 wpb_column column_container vc_column_container col child_column right_padding_desktop_15pct right_padding_tablet_35pct right_padding_phone_15pct\"   data-padding-pos=\"all\" data-has-bg-color=\"false\" data-bg-color=\"\" data-bg-opacity=\"1\" data-animation=\"\" data-delay=\"0\" >\n\t\t<div class=\"vc_column-inner\" >\n\t\t<div class=\"wpb_wrapper\">\n\t\t\t<div class=\"nectar-split-heading  font_size_5vw font_size_max_108px font_size_tablet_9vw font_size_phone_12vw font_line_height_1px\" data-align=\"default\" data-m-align=\"inherit\" data-text-effect=\"letter-reveal-bottom\" data-animation-type=\"line-reveal-by-space\" data-animation-delay=\"0\" data-animation-offset=\"\" data-m-rm-animation=\"\" data-stagger=\"true\" data-custom-font-size=\"true\" style=\"font-size: 5.8vw; line-height: 6.38vw;\"><h1 >LA MAISON DU FADO<\/h1><\/div>\n\t\t<\/div> \n\t<\/div>\n\t<\/div> \n\n\t<div  class=\"vc_col-sm-4 vc_col-xs-9 wpb_column column_container vc_column_container col child_column has-animation left_padding_desktop_30pct left_padding_tablet_0px right_padding_tablet_30pct right_padding_phone_0px flex_gap_desktop_10px\"   data-padding-pos=\"all\" data-has-bg-color=\"false\" data-bg-color=\"\" data-bg-opacity=\"1\" data-animation=\"fade-in\" data-delay=\"300\" >\n\t\t<div class=\"vc_column-inner\" >\n\t\t<div class=\"wpb_wrapper\">\n\t\t\t<div class=\"nectar-responsive-text font_size_min_16px font_size_max_22px font_size_desktop_1vw font_line_height_1-6 nectar-link-underline-effect\" style=\"max-width: 375px;\"><p>Des saveurs qui s'entendent,<br \/>\nDes fados qui font leurs preuves.<\/p>\n<\/div>\n\t\t<\/div> \n\t<\/div>\n\t<\/div> \n\n\t<div  class=\"vc_col-sm-2 vc_col-xs-3 wpb_column column_container vc_column_container col child_column has-animation no-extra-padding force-desktop-text-align-right inherit_tablet inherit_phone flex_gap_desktop_10px\"   data-padding-pos=\"all\" data-has-bg-color=\"false\" data-bg-color=\"\" data-bg-opacity=\"1\" data-animation=\"fade-in\" data-delay=\"500\" >\n\t\t<div class=\"vc_column-inner\" >\n\t\t<div class=\"wpb_wrapper\">\n\t\t\t<div class=\"nectar-next-section-wrap minimal-arrow alignment_tablet_right alignment_phone_default display_tablet_inherit display_phone_inherit\" style=\"--nectar-icon-gap: 10px; --nectar-next-section-icon-size: 1; \" data-align=\"right\" data-custom-color=\"false\">\n    <a href=\"#\" class=\"nectar-next-section skip-hash\">\n      <span class=\"screen-reader-text\">Navigate to the next section<\/span>\n      <svg class=\"next-arrow\" width=\"40px\" height=\"68px\" viewbox=\"0 0 40 50\" xml:space=\"preserve\">\n      <path stroke=\"#ffffff\" stroke-width=\"2\" fill=\"none\" d=\"M 20 0 L 20 51\"><\/path>\n      <polyline stroke=\"#ffffff\" stroke-width=\"2\" fill=\"none\" points=\"12, 44 20, 52 28, 44\"><\/polyline>\n      <\/svg>\n    <\/a>\n  <\/div>\n\t\t<\/div> \n\t<\/div>\n\t<\/div> \n<\/div><\/div>\n\t\t\t<\/div> \n\t\t<\/div>\n\t<\/div> \n<\/div><\/div>\n\t\t<div id=\"fws_69e22fbcc7989\"  data-column-margin=\"custom\" data-midnight=\"dark\" data-top-percent=\"8%\" data-bottom-percent=\"8%\"  class=\"wpb_row vc_row-fluid vc_row full-width-section  column-margin-6pct\"  style=\"padding-top: calc(100vw * 0.08); padding-bottom: calc(100vw * 0.08); \"><div class=\"row-bg-wrap\" data-bg-animation=\"none\" data-bg-animation-delay=\"\" data-bg-overlay=\"false\"><div class=\"inner-wrap row-bg-layer\" ><div class=\"row-bg viewport-desktop\"  style=\"\"><\/div><\/div><\/div><div class=\"row_col_wrap_12 col span_12 dark left\">\n\t<div style=\"\" class=\"vc_col-sm-2\/5 wpb_column column_container vc_column_container col nectar-sticky-column-css has-animation no-extra-padding inherit_tablet inherit_phone mask_shape_custom mask_size_cover mask_alignment_desktop_center-top\" data-using-bg=\"true\" data-bg-cover=\"true\" data-padding-pos=\"all\" data-has-bg-color=\"false\" data-bg-color=\"\" data-bg-opacity=\"1\" data-animation=\"fade-in-from-bottom\" data-delay=\"0\" data-animation-easing=\"easeInOutCubic\" >\n\t\t<div class=\"n-sticky\"><div class=\"vc_column-inner\" ><div class=\"column-image-bg-wrap column-bg-layer viewport-desktop\" data-bg-pos=\"right center\" style=\"-webkit-mask-image: url(https:\/\/sina.pt\/wp-content\/uploads\/2025\/10\/circle-rect-1.svg);\" data-bg-animation=\"none\" data-bg-overlay=\"false\"><div class=\"inner-wrap\"><div class=\"column-image-bg\" style=\" background-image: url('https:\/\/sina.pt\/wp-content\/uploads\/2026\/01\/sobre-o-sina.webp'); \"><\/div><\/div><\/div>\n\t\t\t<div class=\"wpb_wrapper\">\n\t\t\t\t<div class=\"divider-wrap height_tablet_35vw height_phone_45vh\" data-alignment=\"default\"><div style=\"height: 55vh;\" class=\"divider\"><\/div><\/div>\n\t\t\t<\/div> \n\t\t<\/div><\/div>\n\t<\/div> \n\n\t<div  class=\"vc_col-sm-3\/5 wpb_column column_container vc_column_container col padding-8-percent el_spacing_10px no-extra-padding_tablet no-extra-padding_phone\"  data-t-w-inherits=\"small_desktop\" data-padding-pos=\"right\" data-has-bg-color=\"false\" data-bg-color=\"\" data-bg-opacity=\"1\" data-animation=\"\" data-delay=\"0\" >\n\t\t<div class=\"vc_column-inner\" >\n\t\t\t<div class=\"wpb_wrapper\">\n\t\t\t\t<div class=\"nectar-split-heading  font_size_3vw font_size_tablet_5vw font_size_phone_2em font_line_height_1-2  custom-trigger scroll-timeline\" data-align=\"default\" data-m-align=\"inherit\" data-text-effect=\"scroll-opacity-reveal\" data-animation-type=\"line-reveal-by-space\" data-animation-delay=\"0\" data-animation-offset=\"150%\" data-m-rm-animation=\"\" data-stagger=\"true\" data-custom-font-size=\"true\" style=\"font-size: 3.2vw; line-height: 3.52vw;\"><h3 >SINA est n\u00e9e \u00e0 Porto comme une maison o\u00f9 la musique dicte le tempo et o\u00f9 le repas accompagne le moment.<\/h3><\/div><div class=\"divider-wrap\" data-alignment=\"default\"><div style=\"height: 3vw;\" class=\"divider\"><\/div><\/div><div class=\"nectar-split-heading  font_size_3vw font_size_tablet_5vw font_size_phone_2em font_line_height_1-2  custom-trigger scroll-timeline\" data-align=\"default\" data-m-align=\"inherit\" data-text-effect=\"scroll-opacity-reveal\" data-animation-type=\"line-reveal-by-space\" data-animation-delay=\"0\" data-animation-offset=\"\" data-m-rm-animation=\"\" data-stagger=\"true\" data-custom-font-size=\"true\" style=\"font-size: 3vw; line-height: 3.3vw;\"><h3 >Plus qu'un restaurant, SINA est un th\u00e9\u00e2tre avec repas, o\u00f9 chaque soir\u00e9e est con\u00e7ue comme une exp\u00e9rience vivante, intime et unique.<\/h3><\/div>\n\t\t\t<\/div> \n\t\t<\/div>\n\t<\/div> \n<\/div><\/div>\n\t\t<section id=\"fws_69e22fbcc8599\"  data-column-margin=\"default\" data-midnight=\"dark\"  class=\"nectar_section wpb_row vc_row full-width-content vc_row-o-equal-height vc_row-flex vc_row-o-content-top  right_padding_20px left_padding_20px\"  style=\"padding-top: 0px; padding-bottom: 0px; \"><div class=\"row-bg-wrap\" data-bg-animation=\"none\" data-bg-animation-delay=\"\" data-bg-overlay=\"false\"><div class=\"inner-wrap row-bg-layer\" ><div class=\"row-bg viewport-desktop\"  style=\"\"><\/div><\/div><\/div><div class=\"row_col_wrap_12 span_12 dark\">\n\t\t<div id=\"fws_69e22fbcc89ba\"  data-br=\"15px\" data-br-applies=\"bg\" data-column-margin=\"default\" data-midnight=\"light\" data-top-percent=\"7%\" data-bottom-percent=\"2%\"  class=\"wpb_row vc_row-fluid vc_row full-width-section parallax_section top_padding_tablet_15pct bottom_padding_tablet_15pct\"  style=\"padding-top: calc(100vw * 0.07); padding-bottom: calc(100vw * 0.02); \"><div class=\"row-bg-wrap\" data-bg-animation=\"none\" data-bg-animation-delay=\"\" data-bg-overlay=\"true\"><div class=\"inner-wrap row-bg-layer using-image\" ><div class=\"row-bg viewport-desktop using-image\" data-parallax-speed=\"fast\" style=\"background-image: url(https:\/\/sina.pt\/wp-content\/uploads\/2026\/01\/Untitled-4.webp); background-position: 65% 50%; background-repeat: no-repeat; \"><\/div><\/div><div class=\"row-bg-overlay row-bg-layer\" style=\"background-color:#000000;  opacity: 0.3; \"><\/div><\/div><div class=\"row_col_wrap_12 col span_12 light left\">\n\t<div  class=\"vc_col-sm-3\/5 wpb_column column_container vc_column_container col has-animation padding-8-percent inherit_tablet inherit_phone flex_layout_desktop_column flex_justify_content_desktop_space-between flex_align_items_desktop_stretch flex_wrap_desktop_nowrap flex_reverse_desktop_false flex_gap_desktop_40px flex_gap_tablet_30px\"  data-t-w-inherits=\"small_desktop\" data-padding-pos=\"bottom\" data-has-bg-color=\"false\" data-bg-color=\"\" data-bg-opacity=\"1\" data-animation=\"slight-fade-in-from-bottom\" data-delay=\"0\" >\n\t\t<div class=\"vc_column-inner\" >\n\t\t\t<div class=\"wpb_wrapper\">\n\t\t\t\t<div class=\"nectar-split-heading\" data-align=\"default\" data-m-align=\"inherit\" data-text-effect=\"default\" data-animation-type=\"line-reveal-by-space\" data-animation-delay=\"300\" data-animation-offset=\"\" data-m-rm-animation=\"\" data-stagger=\"true\" data-custom-font-size=\"false\" ><h4 >Rien n'est r\u00e9p\u00e9t\u00e9 ici.<\/h4><\/div><div class=\"nectar-split-heading  font_size_phone_25px\" data-align=\"default\" data-m-align=\"inherit\" data-text-effect=\"default\" data-animation-type=\"line-reveal-by-space\" data-animation-delay=\"300\" data-animation-offset=\"\" data-m-rm-animation=\"\" data-stagger=\"true\" data-custom-font-size=\"false\" ><h5 >\u00c0 Porto, on dit \u201cavec le temps et l'\u00e2me\u201d - sans h\u00e2te, avec intention. C'est ainsi que l'on vit SINA : de la table \u00e0 la musique, tout se passe \u00e0 son rythme naturel.<\/h5><\/div><div class=\"nectar-split-heading  font_size_phone_25px\" data-align=\"default\" data-m-align=\"inherit\" data-text-effect=\"default\" data-animation-type=\"line-reveal-by-space\" data-animation-delay=\"300\" data-animation-offset=\"\" data-m-rm-animation=\"\" data-stagger=\"true\" data-custom-font-size=\"false\" ><h6 >Les plats sont cr\u00e9\u00e9s le jour m\u00eame par le chef, \u00e0 partir de produits frais, locaux et de saison. La musique est en direct, dans une atmosph\u00e8re sereine qui conquiert l'espace.<\/h6><\/div><div id=\"fws_69e22fbcc8eb9\" data-midnight=\"\" data-column-margin=\"default\" class=\"wpb_row vc_row-fluid vc_row inner_row\"  style=\"\"><div class=\"row-bg-wrap\"> <div class=\"row-bg\" ><\/div> <\/div><div class=\"row_col_wrap_12_inner col span_12  left\">\n\t<div  class=\"vc_col-sm-12 wpb_column column_container vc_column_container col child_column has-animation no-extra-padding inherit_tablet inherit_phone\"   data-padding-pos=\"all\" data-has-bg-color=\"false\" data-bg-color=\"\" data-bg-opacity=\"1\" data-animation=\"fade-in\" data-delay=\"600\" >\n\t\t<div class=\"vc_column-inner\" >\n\t\t<div class=\"wpb_wrapper\">\n\t\t\t<div class=\"nectar-responsive-text nectar-link-underline-effect\" data-inherit-heading-family=\"h6\"><h5>Le SINA travaille exclusivement sur r\u00e9servation<\/h5>\n<p>entre 18h30 et 22h30, pour une nuit qui ne s'explique pas - vous la vivez !<\/p>\n<\/div>\n\t\t<\/div> \n\t<\/div>\n\t<\/div> \n<\/div><\/div>\n\t\t\t<\/div> \n\t\t<\/div>\n\t<\/div> \n\n\t<div  class=\"vc_col-sm-2\/5 wpb_column column_container vc_column_container col no-extra-padding inherit_tablet inherit_phone flex_layout_desktop_column flex_justify_content_desktop_flex-end flex_align_items_desktop_flex-end flex_align_items_phone_flex-start flex_wrap_desktop_nowrap flex_reverse_desktop_false flex_gap_desktop_10px\"  data-t-w-inherits=\"small_desktop\" data-padding-pos=\"all\" data-has-bg-color=\"false\" data-bg-color=\"\" data-bg-opacity=\"1\" data-animation=\"\" data-delay=\"0\" >\n\t\t<div class=\"vc_column-inner\" >\n\t\t\t<div class=\"wpb_wrapper\">\n\t\t\t\t<div class=\"nectar-cta  alignment_tablet_default alignment_phone_default display_tablet_inherit display_phone_inherit backdrop_filter_blur_14\" data-color=\"custom\" data-using-bg=\"true\" data-style=\"text-reveal\" data-display=\"block\" data-alignment=\"left\" data-text-color=\"custom\" style=\"--nectar-text-color: #FFFFFF; --nectar-button-color: #EDE9DE33; --nectar-icon-gap: 10px; \"><h6 style=\"color: #FFFFFF;\"><span class=\"link_wrap\" style=\"padding-top: 0.5em; padding-right: 1.5em; padding-bottom: 0.5em; padding-left: 1.5em; background-color: #EDE9DE33;\"><a  aria-label=\"L&#039;exp\u00e9rience\" class=\"link_text\" role=\"button\" href=\"\/fr\/lexperience\/\"><span class=\"text nectar-text-reveal-button__text\" data-text=\"CONHECA A EXPERI\u00caNCIA\">CONNA\u00ceTRE L'EXP\u00c9RIENCE<\/span><\/a><\/span><\/h6><\/div>\n\t\t\t<\/div> \n\t\t<\/div>\n\t<\/div> \n<\/div><\/div><\/div><\/section>\n\t\t<div id=\"fws_69e22fbcc9a46\"  data-column-margin=\"default\" data-midnight=\"dark\" data-bottom-percent=\"2%\"  class=\"wpb_row vc_row-fluid vc_row full-width-content vc_row-o-equal-height vc_row-flex vc_row-o-content-top\"  style=\"padding-top: 0px; padding-bottom: calc(100vw * 0.02); \"><div class=\"row-bg-wrap\" data-bg-animation=\"none\" data-bg-animation-delay=\"\" data-bg-overlay=\"false\"><div class=\"inner-wrap row-bg-layer\" ><div class=\"row-bg viewport-desktop\"  style=\"\"><\/div><\/div><\/div><div class=\"row_col_wrap_12 col span_12 dark left\">\n\t<div  class=\"vc_col-sm-12 wpb_column column_container vc_column_container col no-extra-padding inherit_tablet inherit_phone flex_gap_desktop_10px\"  data-padding-pos=\"all\" data-has-bg-color=\"false\" data-bg-color=\"\" data-bg-opacity=\"1\" data-animation=\"\" data-delay=\"0\" >\n\t\t<div class=\"vc_column-inner\" >\n\t\t\t<div class=\"wpb_wrapper\">\n\t\t\t\t\n\t<div class=\"wpb_gallery wpb_content_element clearfix\">\n\t\t<div class=\"wpb_wrapper\"><div class=\"wpb_gallery_slidesflickity_style\" data-onclick=\"link_no\" data-interval=\"5\"><div class=\"nectar-flickity not-initialized\"  data-touch-icon-color=\"default\" data-stagger=\"\" data-drag-scale=\"\" data-overflow=\"hidden\" data-wrap=\"wrap\" data-spacing=\"default\" data-shadow=\"small_depth\" data-autoplay=\"\" data-autoplay-dur=\"\" data-free-scroll=\"\" data-controls=\"touch_total\" data-desktop-columns=\"2\" data-small-desktop-columns=\"2\" data-tablet-columns=\"1\" data-phone-columns=\"1\"><div class=\"flickity-viewport\"> <div class=\"flickity-slider\"><div class=\"cell\" data-lazy=\"false\"><img decoding=\"async\" class=\"skip-lazy nectar-lazy\" src=\"https:\/\/sina.pt\/wp-content\/uploads\/2026\/01\/DSC02985-600x400.webp\" width=\"600\" height=\"400\" alt=\"DSC02985\" title=\"DSC02985\" loading=\"lazy\" \/><\/div><div class=\"cell\" data-lazy=\"false\"><img decoding=\"async\" class=\"skip-lazy nectar-lazy\" src=\"https:\/\/sina.pt\/wp-content\/uploads\/2026\/01\/DSC02999-1-600x400.webp\" width=\"600\" height=\"400\" alt=\"DSC02999\" title=\"DSC02999\" loading=\"lazy\" \/><\/div><div class=\"cell\" data-lazy=\"false\"><img decoding=\"async\" class=\"skip-lazy nectar-lazy\" src=\"https:\/\/sina.pt\/wp-content\/uploads\/2025\/10\/300330.1200x675-600x400.jpg\" width=\"600\" height=\"400\" alt=\"300330.1200x675\" title=\"300330.1200x675\" loading=\"lazy\" \/><\/div><div class=\"cell\" data-lazy=\"false\"><img decoding=\"async\" class=\"skip-lazy nectar-lazy\" src=\"https:\/\/sina.pt\/wp-content\/uploads\/2025\/10\/DSC02995-600x400.webp\" width=\"600\" height=\"400\" alt=\"DSC02995\" title=\"DSC02995\" loading=\"lazy\" \/><\/div><div class=\"cell\" data-lazy=\"false\"><img decoding=\"async\" class=\"skip-lazy nectar-lazy\" src=\"https:\/\/sina.pt\/wp-content\/uploads\/2025\/10\/556430706_1191837362994762_8252250260352528067_n-600x400.jpg\" width=\"600\" height=\"400\" alt=\"556430706_1191837362994762_8252250260352528067_n\" title=\"556430706_1191837362994762_8252250260352528067_n\" loading=\"lazy\" \/><\/div><div class=\"cell\" data-lazy=\"false\"><img decoding=\"async\" class=\"skip-lazy nectar-lazy\" src=\"https:\/\/sina.pt\/wp-content\/uploads\/2025\/10\/DSC09352-600x400.webp\" width=\"600\" height=\"400\" alt=\"DSC09352\" title=\"DSC09352\" loading=\"lazy\" \/><\/div><div class=\"cell\" data-lazy=\"false\"><img decoding=\"async\" class=\"skip-lazy nectar-lazy\" src=\"https:\/\/sina.pt\/wp-content\/uploads\/2025\/10\/DSC03016-600x400.webp\" width=\"600\" height=\"400\" alt=\"DSC03016\" title=\"DSC03016\" loading=\"lazy\" \/><\/div><\/div><\/div><\/div><\/div>\n\t\t<\/div> \n\t<\/div> \n\t\t\t<\/div> \n\t\t<\/div>\n\t<\/div> \n<\/div><\/div>\n\t\t<section id=\"fws_69e22fbccb54f\"  data-column-margin=\"default\" data-midnight=\"dark\" data-top-percent=\"3%\" data-bottom-percent=\"6%\"  class=\"nectar_section wpb_row vc_row full-width-section\"  style=\"padding-top: calc(100vw * 0.03); padding-bottom: calc(100vw * 0.06); \"><div class=\"row-bg-wrap\" data-bg-animation=\"none\" data-bg-animation-delay=\"\" data-bg-overlay=\"false\"><div class=\"inner-wrap row-bg-layer\" ><div class=\"row-bg viewport-desktop\"  style=\"\"><\/div><\/div><\/div><div class=\"row_col_wrap_12 span_12 dark\">\n\t\t<div id=\"fws_69e22fbccb890\"  data-column-margin=\"10px\" data-midnight=\"light\"  class=\"wpb_row vc_row-fluid vc_row full-width-content vc_row-o-equal-height vc_row-flex\"  style=\"padding-top: 60px; padding-bottom: 0px; \"><div class=\"row-bg-wrap\" data-bg-animation=\"none\" data-bg-animation-delay=\"\" data-bg-overlay=\"false\"><div class=\"inner-wrap row-bg-layer\" ><div class=\"row-bg viewport-desktop\"  style=\"\"><\/div><\/div><\/div><div class=\"row_col_wrap_12 col span_12 light left\">\n\t<div style=\"\" class=\"vc_col-sm-4 vc_col-md-4 vc_col-xs-12 wpb_column column_container vc_column_container col has-animation bottom_margin_phone_10px left_padding_desktop_40px left_padding_tablet_20px left_padding_phone_30px top_padding_desktop_40px top_padding_tablet_20px top_padding_phone_30px right_padding_desktop_40px right_padding_tablet_20px right_padding_phone_30px bottom_padding_desktop_40px bottom_padding_tablet_20px bottom_padding_phone_30px flex_layout_desktop_column flex_justify_content_desktop_center flex_align_items_desktop_flex-start flex_wrap_desktop_nowrap flex_reverse_desktop_false flex_gap_desktop_10px\" data-using-bg=\"true\" data-t-w-inherits=\"small_desktop\" data-border-radius=\"15px\" data-overlay-color=\"true\" data-padding-pos=\"all\" data-has-bg-color=\"true\" data-bg-color=\"#05379F\" data-bg-opacity=\"1\" data-animation=\"slight-fade-in-from-bottom\" data-delay=\"450\" >\n\t\t<div class=\"vc_column-inner\" ><div class=\"column-bg-overlay-wrap column-bg-layer\" data-bg-animation=\"none\"><div class=\"column-bg-overlay\" style=\"opacity: 1; background-color: #05379F;\"><\/div><div class=\"column-overlay-layer\" style=\"background-color:#161514;  opacity: 0.3; \"><\/div><\/div>\n\t\t\t<div class=\"wpb_wrapper\">\n\t\t\t\t<div id=\"fws_69e22fbccbd06\" data-midnight=\"\" data-column-margin=\"default\" class=\"wpb_row vc_row-fluid vc_row inner_row\"  style=\"\"><div class=\"row-bg-wrap\"> <div class=\"row-bg\" ><\/div> <\/div><div class=\"row_col_wrap_12_inner col span_12  left\">\n\t<div  class=\"vc_col-sm-12 wpb_column column_container vc_column_container col child_column no-extra-padding inherit_tablet inherit_phone flex_gap_desktop_10px\"   data-padding-pos=\"all\" data-has-bg-color=\"false\" data-bg-color=\"\" data-bg-opacity=\"1\" data-animation=\"\" data-delay=\"0\" >\n\t\t<div class=\"vc_column-inner\" >\n\t\t<div class=\"wpb_wrapper\">\n\t\t\t<div class=\"nectar-responsive-text font_size_max_26px font_line_height_1-4 nectar-link-underline-effect\" data-inherit-heading-family=\"h5\"><p data-start=\"1148\" data-end=\"1371\">L'espace est aussi une maison de partage. Les instruments font partie de l'identit\u00e9 de SINA et, \u00e0 certains moments, peuvent \u00eatre jou\u00e9s ou explor\u00e9s en interaction avec les musiciens.<\/p>\n<\/div>\n\t\t<\/div> \n\t<\/div>\n\t<\/div> \n<\/div><\/div>\n\t\t\t<\/div> \n\t\t<\/div>\n\t<\/div> \n\n\t<div  class=\"vc_col-sm-8 wpb_column column_container vc_column_container col has-animation no-extra-padding inherit_tablet inherit_phone\"  data-padding-pos=\"all\" data-has-bg-color=\"false\" data-bg-color=\"\" data-bg-opacity=\"1\" data-animation=\"slight-fade-in-from-bottom\" data-delay=\"450\" >\n\t\t<div class=\"vc_column-inner\" >\n\t\t\t<div class=\"wpb_wrapper\">\n\t\t\t\t<div class=\"nectar-flickity not-initialized nectar-carousel tb-spacing-0\" data-centered-cells=\"false\" data-pause-on-hover=\"\" data-touch-icon-color=\"default\" data-control-color=\"default\" data-overflow=\"hidden\" data-r-bottom-total=\"\" data-drag-scale=\"\" data-wrap=\"wrap\" data-spacing=\"default\" data-controls=\"next_prev_arrows_overlaid\" data-pagination-alignment=\"default\" data-adaptive-height=\"\" data-border-radius=\"15px\" data-column-border=\"\" data-column-padding=\"0\" data-format=\"default\" data-autoplay=\"true\" data-autoplay-dur=\"5000\" data-control-style=\"material_pagination\" data-desktop-columns=\"2\" data-small-desktop-columns=\"2\" data-tablet-columns=\"1\" data-phone-columns=\"1\" data-column-color=\"\"><div class=\"flickity-viewport\"> <div class=\"flickity-slider\"><div class=\"cell\"><div class=\"inner-wrap-outer\"><div class=\"inner-wrap\" style=\"background-image: url('https:\/\/sina.pt\/wp-content\/uploads\/2025\/10\/DSC02971.webp');\"><div class=\"divider-wrap\" data-alignment=\"default\"><div style=\"height: 500px;\" class=\"divider\"><\/div><\/div><\/div><\/div><\/div><div class=\"cell\"><div class=\"inner-wrap-outer\"><div class=\"inner-wrap\" style=\"background-image: url('https:\/\/sina.pt\/wp-content\/uploads\/2025\/10\/556430706_1191837362994762_8252250260352528067_n.jpg');\"><div class=\"divider-wrap\" data-alignment=\"default\"><div style=\"height: 500px;\" class=\"divider\"><\/div><\/div><\/div><\/div><\/div><div class=\"cell\"><div class=\"inner-wrap-outer\"><div class=\"inner-wrap\" style=\"background-image: url('https:\/\/sina.pt\/wp-content\/uploads\/2025\/10\/DSC02971.webp');\"><div class=\"divider-wrap\" data-alignment=\"default\"><div style=\"height: 500px;\" class=\"divider\"><\/div><\/div><\/div><\/div><\/div><div class=\"cell\"><div class=\"inner-wrap-outer\"><div class=\"inner-wrap\" style=\"background-image: url('https:\/\/sina.pt\/wp-content\/uploads\/2025\/10\/DSC02971.webp');\"><div class=\"divider-wrap\" data-alignment=\"default\"><div style=\"height: 500px;\" class=\"divider\"><\/div><\/div><\/div><\/div><\/div><\/div><\/div><\/div>\n\t\t\t<\/div> \n\t\t<\/div>\n\t<\/div> \n<\/div><\/div><\/div><\/section>","protected":false},"excerpt":{"rendered":"THE HOUSE OF FADO Sabores que se ouvem, Fados que se provam. Navigate to the next section O SINA nasce no Porto como uma casa onde a m\u00fasica dita o...","protected":false},"author":1,"featured_media":0,"parent":0,"menu_order":0,"comment_status":"closed","ping_status":"closed","template":"","meta":{"footnotes":""},"class_list":["post-292","page","type-page","status-publish"],"_links":{"self":[{"href":"https:\/\/sina.pt\/fr\/wp-json\/wp\/v2\/pages\/292","targetHints":{"allow":["GET"]}}],"collection":[{"href":"https:\/\/sina.pt\/fr\/wp-json\/wp\/v2\/pages"}],"about":[{"href":"https:\/\/sina.pt\/fr\/wp-json\/wp\/v2\/types\/page"}],"author":[{"embeddable":true,"href":"https:\/\/sina.pt\/fr\/wp-json\/wp\/v2\/users\/1"}],"replies":[{"embeddable":true,"href":"https:\/\/sina.pt\/fr\/wp-json\/wp\/v2\/comments?post=292"}],"version-history":[{"count":41,"href":"https:\/\/sina.pt\/fr\/wp-json\/wp\/v2\/pages\/292\/revisions"}],"predecessor-version":[{"id":516,"href":"https:\/\/sina.pt\/fr\/wp-json\/wp\/v2\/pages\/292\/revisions\/516"}],"wp:attachment":[{"href":"https:\/\/sina.pt\/fr\/wp-json\/wp\/v2\/media?parent=292"}],"curies":[{"name":"wp","href":"https:\/\/api.w.org\/{rel}","templated":true}]}}